{"id":14472,"date":"2023-07-18T20:45:57","date_gmt":"2023-07-18T20:45:57","guid":{"rendered":"https:\/\/mimentora.com\/?page_id=14472"},"modified":"2025-01-25T17:22:47","modified_gmt":"2025-01-25T17:22:47","slug":"investigaciones-2","status":"publish","type":"page","link":"https:\/\/mimentora.com\/?page_id=14472","title":{"rendered":"Investigaciones"},"content":{"rendered":"\t\t<div data-elementor-type=\"wp-page\" data-elementor-id=\"14472\" class=\"elementor elementor-14472\">\n\t\t\t\t\t\t<section class=\"elementor-section elementor-top-section elementor-element elementor-element-a912757 elementor-section-stretched elementor-section-boxed elementor-section-height-default elementor-section-height-default\" data-id=\"a912757\" data-element_type=\"section\" data-settings=\"{&quot;stretch_section&quot;:&quot;section-stretched&quot;,&quot;background_background&quot;:&quot;classic&quot;}\">\n\t\t\t\t\t\t<div class=\"elementor-container elementor-column-gap-extended\">\n\t\t\t\t\t<div class=\"elementor-column elementor-col-100 elementor-top-column elementor-element elementor-element-17ee755\" data-id=\"17ee755\" data-element_type=\"column\">\n\t\t\t<div class=\"elementor-widget-wrap elementor-element-populated\">\n\t\t\t\t\t\t<section class=\"elementor-section elementor-inner-section elementor-element elementor-element-de96d20 elementor-section-content-bottom elementor-section-full_width elementor-section-height-default elementor-section-height-default\" data-id=\"de96d20\" data-element_type=\"section\">\n\t\t\t\t\t\t<div class=\"elementor-container elementor-column-gap-default\">\n\t\t\t\t\t<div class=\"elementor-column elementor-col-100 elementor-inner-column elementor-element elementor-element-7d4fa9b\" data-id=\"7d4fa9b\" data-element_type=\"column\">\n\t\t\t<div class=\"elementor-widget-wrap elementor-element-populated\">\n\t\t\t\t\t\t<div class=\"elementor-element elementor-element-3061d52 elementor-widget elementor-widget-rs-heading\" data-id=\"3061d52\" data-element_type=\"widget\" data-widget_type=\"rs-heading.default\">\n\t\t\t\t<div class=\"elementor-widget-container\">\n\t\t\t\t\t        <div class=\"rs-heading default center \">\r\n        \t<div class=\"title-inner\">\r\n        \t\t      \t\t\r\n\t            <h2 class=\"title\"><span class=\"watermark\"><\/span> INVESTIGACIONES<\/h2>\t        <\/div>\r\n\t                <\/div>\r\n\r\n        \t\t\t\t<\/div>\n\t\t\t\t<\/div>\n\t\t\t\t<div class=\"elementor-element elementor-element-8544617 elementor-widget elementor-widget-text-editor\" data-id=\"8544617\" data-element_type=\"widget\" data-widget_type=\"text-editor.default\">\n\t\t\t\t<div class=\"elementor-widget-container\">\n\t\t\t\t\t\t\t\t\t<p>En <strong>MI MENTORA,<\/strong> reconocemos que el rol del comunicador trasciende la producci\u00f3n de mensajes: tambi\u00e9n es un investigador clave que interpreta y contextualiza fen\u00f3menos sociales, pol\u00edticos y culturales. En un mundo globalizado y en constante evoluci\u00f3n, la investigaci\u00f3n rigurosa es esencial para enfrentar los desaf\u00edos de nuestro tiempo y construir un futuro mejor.<\/p><p>Nuestro compromiso con la investigaci\u00f3n refuerza la importancia de entender la comunicaci\u00f3n como una disciplina fundamental en las ciencias sociales, capaz de analizar y transformar realidades complejas. Por ello, creemos firmemente que estas iniciativas buscan aportar conocimiento valioso y soluciones innovadoras a problem\u00e1ticas relevantes, abordando desde aspectos locales hasta cuestiones de impacto nacional e internacional.<\/p>\t\t\t\t\t\t\t\t<\/div>\n\t\t\t\t<\/div>\n\t\t\t\t\t<\/div>\n\t\t<\/div>\n\t\t\t\t\t<\/div>\n\t\t<\/section>\n\t\t\t\t\t<\/div>\n\t\t<\/div>\n\t\t\t\t\t<\/div>\n\t\t<\/section>\n\t\t\t\t<section class=\"elementor-section elementor-top-section elementor-element elementor-element-dd997ba elementor-section-stretched elementor-section-boxed elementor-section-height-default elementor-section-height-default\" data-id=\"dd997ba\" data-element_type=\"section\" data-settings=\"{&quot;stretch_section&quot;:&quot;section-stretched&quot;,&quot;background_background&quot;:&quot;classic&quot;}\">\n\t\t\t\t\t\t<div class=\"elementor-container elementor-column-gap-extended\">\n\t\t\t\t\t<div class=\"elementor-column elementor-col-100 elementor-top-column elementor-element elementor-element-0e463a0\" data-id=\"0e463a0\" data-element_type=\"column\">\n\t\t\t<div class=\"elementor-widget-wrap elementor-element-populated\">\n\t\t\t\t\t\t<section class=\"elementor-section elementor-inner-section elementor-element elementor-element-14b61d8 elementor-section-content-bottom elementor-section-full_width elementor-section-height-default elementor-section-height-default\" data-id=\"14b61d8\" data-element_type=\"section\">\n\t\t\t\t\t\t<div class=\"elementor-container elementor-column-gap-default\">\n\t\t\t\t\t<div class=\"elementor-column elementor-col-100 elementor-inner-column elementor-element elementor-element-3a7c484\" data-id=\"3a7c484\" data-element_type=\"column\">\n\t\t\t<div class=\"elementor-widget-wrap elementor-element-populated\">\n\t\t\t\t\t\t<div class=\"elementor-element elementor-element-cc9ff5c elementor-widget elementor-widget-rs-heading\" data-id=\"cc9ff5c\" data-element_type=\"widget\" data-widget_type=\"rs-heading.default\">\n\t\t\t\t<div class=\"elementor-widget-container\">\n\t\t\t\t\t        <div class=\"rs-heading default center \">\r\n        \t<div class=\"title-inner\">\r\n        \t\t      \t\t\r\n\t            <span class=\"sub-text \">Reportes e informes<\/span><h2 class=\"title\"><span class=\"watermark\"><\/span>Otras Investigaciones<\/h2>\t        <\/div>\r\n\t                <\/div>\r\n\r\n        \t\t\t\t<\/div>\n\t\t\t\t<\/div>\n\t\t\t\t\t<\/div>\n\t\t<\/div>\n\t\t\t\t\t<\/div>\n\t\t<\/section>\n\t\t\t\t<section class=\"elementor-section elementor-inner-section elementor-element elementor-element-ce225c7 elementor-section-full_width elementor-section-height-default elementor-section-height-default\" data-id=\"ce225c7\" data-element_type=\"section\">\n\t\t\t\t\t\t<div class=\"elementor-container elementor-column-gap-default\">\n\t\t\t\t\t<div class=\"elementor-column elementor-col-100 elementor-inner-column elementor-element elementor-element-4c1e389\" data-id=\"4c1e389\" data-element_type=\"column\">\n\t\t\t<div class=\"elementor-widget-wrap elementor-element-populated\">\n\t\t\t\t\t\t<div class=\"elementor-element elementor-element-b8ce507 elementor-widget elementor-widget-rsportfolio_filter\" data-id=\"b8ce507\" data-element_type=\"widget\" data-widget_type=\"rsportfolio_filter.default\">\n\t\t\t\t<div class=\"elementor-widget-container\">\n\t\t\t\t\t\t\t<div class=\"rs-portfolio-style3 rsaddon_pro_box\">\n\n\n\t\t\t\t\t\t\t<div class=\"portfolio-filter\">\n\t\t\t\t    <button class=\"active\" data-filter=\"*\">All<\/button>\n\n\t\t\t\t    \t\t            \t<button data-filter=\".filter_publicidad\">Publicidad<\/button>\n\t\t            \t\t            \t<button data-filter=\".filter_relaciones-publicas\">Relaciones P\u00fablicas<\/button>\n\t\t            \n\t\t\t\t<\/div>\n\t\t\t\t\n\t\t\t<div class=\"grid row \">\n\n\t\t\t    \t\r\n\t<div class=\"col-lg-4 col-md-6 grid-item filter_relaciones-publicas \">\r\n\t\t\t<div class=\"portfolio-item content-overlay\">\r\n\t\t\t\t                    <div class=\"portfolio-img\">\r\n                    \t<a href=\"https:\/\/mimentora.com\/?portfolios=informe-de-accion-de-sostenibilidad-2024\"><img fetchpriority=\"high\" decoding=\"async\" width=\"500\" height=\"500\" src=\"https:\/\/mimentora.com\/wp-content\/uploads\/2020\/10\/Project_1-500x500.jpg\" class=\"attachment-rsaddon-team-round-style size-rsaddon-team-round-style wp-post-image\" alt=\"\" srcset=\"https:\/\/mimentora.com\/wp-content\/uploads\/2020\/10\/Project_1-500x500.jpg 500w, https:\/\/mimentora.com\/wp-content\/uploads\/2020\/10\/Project_1-300x300.jpg 300w, https:\/\/mimentora.com\/wp-content\/uploads\/2020\/10\/Project_1-100x100.jpg 100w, https:\/\/mimentora.com\/wp-content\/uploads\/2020\/10\/Project_1-150x150.jpg 150w\" sizes=\"(max-width: 500px) 100vw, 500px\" \/><\/a>\r\n                    <\/div>\r\n                                <div class=\"portfolio-content\">\r\n                    <div class=\"portfolio-inner\">\r\n                        \t                        \t\t<h4 class=\"p-title\"><a href=\"https:\/\/mimentora.com\/?portfolios=informe-de-accion-de-sostenibilidad-2024\">Informe de acci\u00f3n de sostenibilidad 2024<\/a><\/h4>\r\n                        \t                        \t<p class=\"p-category\"> <a href=\"https:\/\/mimentora.com\/?portfolio-category=relaciones-publicas\" rel=\"tag\">Relaciones P\u00fablicas<\/a><\/p>\r\n                    <\/div>\r\n                <\/div>\r\n            <\/div>\r\n\t\t<\/div>\r\n\t\t\r\n\t<div class=\"col-lg-4 col-md-6 grid-item filter_relaciones-publicas \">\r\n\t\t\t<div class=\"portfolio-item content-overlay\">\r\n\t\t\t\t                    <div class=\"portfolio-img\">\r\n                    \t<a href=\"https:\/\/mimentora.com\/?portfolios=2024-edelman-trust-barometer\"><img decoding=\"async\" width=\"500\" height=\"500\" src=\"https:\/\/mimentora.com\/wp-content\/uploads\/2020\/10\/Project_3-500x500.jpg\" class=\"attachment-rsaddon-team-round-style size-rsaddon-team-round-style wp-post-image\" alt=\"\" srcset=\"https:\/\/mimentora.com\/wp-content\/uploads\/2020\/10\/Project_3-500x500.jpg 500w, https:\/\/mimentora.com\/wp-content\/uploads\/2020\/10\/Project_3-300x300.jpg 300w, https:\/\/mimentora.com\/wp-content\/uploads\/2020\/10\/Project_3-100x100.jpg 100w, https:\/\/mimentora.com\/wp-content\/uploads\/2020\/10\/Project_3-150x150.jpg 150w\" sizes=\"(max-width: 500px) 100vw, 500px\" \/><\/a>\r\n                    <\/div>\r\n                                <div class=\"portfolio-content\">\r\n                    <div class=\"portfolio-inner\">\r\n                        \t                        \t\t<h4 class=\"p-title\"><a href=\"https:\/\/mimentora.com\/?portfolios=2024-edelman-trust-barometer\">2024 Edelman Trust Barometer<\/a><\/h4>\r\n                        \t                        \t<p class=\"p-category\"> <a href=\"https:\/\/mimentora.com\/?portfolio-category=relaciones-publicas\" rel=\"tag\">Relaciones P\u00fablicas<\/a><\/p>\r\n                    <\/div>\r\n                <\/div>\r\n            <\/div>\r\n\t\t<\/div>\r\n\t\t\r\n\t<div class=\"col-lg-4 col-md-6 grid-item filter_publicidad \">\r\n\t\t\t<div class=\"portfolio-item content-overlay\">\r\n\t\t\t\t                    <div class=\"portfolio-img\">\r\n                    \t<a href=\"https:\/\/mimentora.com\/?portfolios=best-global-brands-2024\"><img decoding=\"async\" width=\"500\" height=\"500\" src=\"https:\/\/mimentora.com\/wp-content\/uploads\/2020\/10\/Project_4-500x500.jpg\" class=\"attachment-rsaddon-team-round-style size-rsaddon-team-round-style wp-post-image\" alt=\"\" srcset=\"https:\/\/mimentora.com\/wp-content\/uploads\/2020\/10\/Project_4-500x500.jpg 500w, https:\/\/mimentora.com\/wp-content\/uploads\/2020\/10\/Project_4-300x300.jpg 300w, https:\/\/mimentora.com\/wp-content\/uploads\/2020\/10\/Project_4-100x100.jpg 100w, https:\/\/mimentora.com\/wp-content\/uploads\/2020\/10\/Project_4-150x150.jpg 150w\" sizes=\"(max-width: 500px) 100vw, 500px\" \/><\/a>\r\n                    <\/div>\r\n                                <div class=\"portfolio-content\">\r\n                    <div class=\"portfolio-inner\">\r\n                        \t                        \t\t<h4 class=\"p-title\"><a href=\"https:\/\/mimentora.com\/?portfolios=best-global-brands-2024\">Best Global Brands 2024<\/a><\/h4>\r\n                        \t                        \t<p class=\"p-category\"> <a href=\"https:\/\/mimentora.com\/?portfolio-category=publicidad\" rel=\"tag\">Publicidad<\/a><\/p>\r\n                    <\/div>\r\n                <\/div>\r\n            <\/div>\r\n\t\t<\/div>\r\n\t\t\t\t<\/div>\n\t\t<\/div>\n\t\n\t\t\t\t\t<\/div>\n\t\t\t\t<\/div>\n\t\t\t\t\t<\/div>\n\t\t<\/div>\n\t\t\t\t\t<\/div>\n\t\t<\/section>\n\t\t\t\t\t<\/div>\n\t\t<\/div>\n\t\t\t\t\t<\/div>\n\t\t<\/section>\n\t\t\t\t<section class=\"elementor-section elementor-top-section elementor-element elementor-element-198b13b elementor-section-content-top elementor-section-boxed elementor-section-height-default elementor-section-height-default\" data-id=\"198b13b\" data-element_type=\"section\" data-settings=\"{&quot;background_background&quot;:&quot;classic&quot;}\">\n\t\t\t\t\t\t<div class=\"elementor-container elementor-column-gap-default\">\n\t\t\t\t\t<div class=\"elementor-column elementor-col-50 elementor-top-column elementor-element elementor-element-528944c\" data-id=\"528944c\" data-element_type=\"column\" data-settings=\"{&quot;background_background&quot;:&quot;classic&quot;}\">\n\t\t\t<div class=\"elementor-widget-wrap\">\n\t\t\t\t\t\t\t<\/div>\n\t\t<\/div>\n\t\t\t\t<div class=\"elementor-column elementor-col-50 elementor-top-column elementor-element elementor-element-345a6cf\" data-id=\"345a6cf\" data-element_type=\"column\" data-settings=\"{&quot;background_background&quot;:&quot;classic&quot;}\">\n\t\t\t<div class=\"elementor-widget-wrap elementor-element-populated\">\n\t\t\t\t\t<div class=\"elementor-background-overlay\"><\/div>\n\t\t\t\t\t\t<section class=\"elementor-section elementor-inner-section elementor-element elementor-element-a673e78 elementor-section-boxed elementor-section-height-default elementor-section-height-default\" data-id=\"a673e78\" data-element_type=\"section\">\n\t\t\t\t\t\t<div class=\"elementor-container elementor-column-gap-default\">\n\t\t\t\t\t<div class=\"elementor-column elementor-col-100 elementor-inner-column elementor-element elementor-element-f9c5ccd\" data-id=\"f9c5ccd\" data-element_type=\"column\">\n\t\t\t<div class=\"elementor-widget-wrap elementor-element-populated\">\n\t\t\t\t\t\t<div class=\"elementor-element elementor-element-9738e39 elementor-widget elementor-widget-rs-heading\" data-id=\"9738e39\" data-element_type=\"widget\" data-widget_type=\"rs-heading.default\">\n\t\t\t\t<div class=\"elementor-widget-container\">\n\t\t\t\t\t        <div class=\"rs-heading default  \">\r\n        \t<div class=\"title-inner\">\r\n        \t\t      \t\t\r\n\t            <span class=\"sub-text \">CONVERSE CON NOSOTROS<\/span><h2 class=\"title\"><span class=\"watermark\"><\/span>INSCR\u00cdBETE<\/h2>\t        <\/div>\r\n\t                <\/div>\r\n\r\n        \t\t\t\t<\/div>\n\t\t\t\t<\/div>\n\t\t\t\t<div class=\"elementor-element elementor-element-32022ab elementor-widget elementor-widget-rs-cf7\" data-id=\"32022ab\" data-element_type=\"widget\" data-widget_type=\"rs-cf7.default\">\n\t\t\t\t<div class=\"elementor-widget-container\">\n\t\t\t\t\t\n<div class=\"wpcf7 no-js\" id=\"wpcf7-f2078-o1\" lang=\"en-US\" dir=\"ltr\" data-wpcf7-id=\"2078\">\n<div class=\"screen-reader-response\"><p role=\"status\" aria-live=\"polite\" aria-atomic=\"true\"><\/p> <ul><\/ul><\/div>\n<form action=\"\/index.php?rest_route=%2Fwp%2Fv2%2Fpages%2F14472#wpcf7-f2078-o1\" method=\"post\" class=\"wpcf7-form init\" aria-label=\"Contact form\" novalidate=\"novalidate\" data-status=\"init\">\n<div style=\"display: none;\">\n<input type=\"hidden\" name=\"_wpcf7\" value=\"2078\" \/>\n<input type=\"hidden\" name=\"_wpcf7_version\" value=\"6.0.6\" \/>\n<input type=\"hidden\" name=\"_wpcf7_locale\" value=\"en_US\" \/>\n<input type=\"hidden\" name=\"_wpcf7_unit_tag\" value=\"wpcf7-f2078-o1\" \/>\n<input type=\"hidden\" name=\"_wpcf7_container_post\" value=\"0\" \/>\n<input type=\"hidden\" name=\"_wpcf7_posted_data_hash\" value=\"\" \/>\n<\/div>\n<div class=\"row\">\n\t<div class=\"col-sm-6\">\n\t\t<p><span class=\"wpcf7-form-control-wrap\" data-name=\"your-name\"><input size=\"40\" maxlength=\"400\" class=\"wpcf7-form-control wpcf7-text wpcf7-validates-as-required\" aria-required=\"true\" aria-invalid=\"false\" placeholder=\"Nombre\" value=\"\" type=\"text\" name=\"your-name\" \/><\/span>\n\t\t<\/p>\n\t<\/div>\n\t<div class=\"col-sm-6\">\n\t\t<p><span class=\"wpcf7-form-control-wrap\" data-name=\"your-email\"><input size=\"40\" maxlength=\"400\" class=\"wpcf7-form-control wpcf7-email wpcf7-validates-as-required wpcf7-text wpcf7-validates-as-email\" aria-required=\"true\" aria-invalid=\"false\" placeholder=\"E-Mail\" value=\"\" type=\"email\" name=\"your-email\" \/><\/span>\n\t\t<\/p>\n\t<\/div>\n\t<div class=\"col-sm-6\">\n\t\t<p><span class=\"wpcf7-form-control-wrap\" data-name=\"your-phone\"><input size=\"40\" maxlength=\"400\" class=\"wpcf7-form-control wpcf7-text wpcf7-validates-as-required\" aria-required=\"true\" aria-invalid=\"false\" placeholder=\"Tel\u00e9fono\" value=\"\" type=\"text\" name=\"your-phone\" \/><\/span>\n\t\t<\/p>\n\t<\/div>\n\t<div class=\"col-sm-6\">\n\t\t<p><span class=\"wpcf7-form-control-wrap\" data-name=\"interes\"><span class=\"wpcf7-form-control wpcf7-checkbox\"><span class=\"wpcf7-list-item first\"><label><input type=\"checkbox\" name=\"interes[]\" value=\"Voluntariado\" \/><span class=\"wpcf7-list-item-label\">Voluntariado<\/span><\/label><\/span><span class=\"wpcf7-list-item\"><label><input type=\"checkbox\" name=\"interes[]\" value=\"Aliado Estrat\u00e9gico\" \/><span class=\"wpcf7-list-item-label\">Aliado Estrat\u00e9gico<\/span><\/label><\/span><span class=\"wpcf7-list-item last\"><label><input type=\"checkbox\" name=\"interes[]\" value=\"Otros\" \/><span class=\"wpcf7-list-item-label\">Otros<\/span><\/label><\/span><\/span><\/span>\n\t\t<\/p>\n\t<\/div>\n\t<div class=\"col-sm-12\">\n\t\t<p><span class=\"wpcf7-form-control-wrap\" data-name=\"your-asunto\"><input size=\"40\" maxlength=\"400\" class=\"wpcf7-form-control wpcf7-text\" aria-invalid=\"false\" placeholder=\"Asunto\" value=\"\" type=\"text\" name=\"your-asunto\" \/><\/span>\n\t\t<\/p>\n\t<\/div>\n\t<div class=\"col-sm-12\">\n\t\t<p><span class=\"wpcf7-form-control-wrap\" data-name=\"your-message\"><textarea cols=\"40\" rows=\"10\" maxlength=\"2000\" class=\"wpcf7-form-control wpcf7-textarea\" aria-invalid=\"false\" placeholder=\"Escriba su mensaje aqu\u00ed\" name=\"your-message\"><\/textarea><\/span>\n\t\t<\/p>\n\t<\/div>\n\t<div class=\"form-button col-sm-12\">\n\t\t<p class=\"submit-btn\"><input class=\"wpcf7-form-control wpcf7-submit has-spinner\" type=\"submit\" value=\"Enviar Mensaje\" \/>\n\t\t<\/p>\n\t<\/div>\n<\/div><div class=\"wpcf7-response-output\" aria-hidden=\"true\"><\/div>\n<\/form>\n<\/div>\n\t\t\t\t<\/div>\n\t\t\t\t<\/div>\n\t\t\t\t\t<\/div>\n\t\t<\/div>\n\t\t\t\t\t<\/div>\n\t\t<\/section>\n\t\t\t\t\t<\/div>\n\t\t<\/div>\n\t\t\t\t\t<\/div>\n\t\t<\/section>\n\t\t\t\t<\/div>\n\t\t","protected":false},"excerpt":{"rendered":"<p>INVESTIGACIONES En MI MENTORA, reconocemos que el rol del comunicador trasciende la producci\u00f3n de mensajes: tambi\u00e9n es un investigador clave que interpreta y contextualiza fen\u00f3menos sociales, pol\u00edticos y culturales. En un mundo globalizado y en constante evoluci\u00f3n, la investigaci\u00f3n rigurosa es esencial para enfrentar los desaf\u00edos de nuestro tiempo y construir un futuro mejor. Nuestro&#8230;<\/p>\n","protected":false},"author":1,"featured_media":0,"parent":0,"menu_order":0,"comment_status":"closed","ping_status":"closed","template":"","meta":{"footnotes":""},"class_list":["post-14472","page","type-page","status-publish","hentry"],"aioseo_notices":[],"_links":{"self":[{"href":"https:\/\/mimentora.com\/index.php?rest_route=\/wp\/v2\/pages\/14472","targetHints":{"allow":["GET"]}}],"collection":[{"href":"https:\/\/mimentora.com\/index.php?rest_route=\/wp\/v2\/pages"}],"about":[{"href":"https:\/\/mimentora.com\/index.php?rest_route=\/wp\/v2\/types\/page"}],"author":[{"embeddable":true,"href":"https:\/\/mimentora.com\/index.php?rest_route=\/wp\/v2\/users\/1"}],"replies":[{"embeddable":true,"href":"https:\/\/mimentora.com\/index.php?rest_route=%2Fwp%2Fv2%2Fcomments&post=14472"}],"version-history":[{"count":15,"href":"https:\/\/mimentora.com\/index.php?rest_route=\/wp\/v2\/pages\/14472\/revisions"}],"predecessor-version":[{"id":14598,"href":"https:\/\/mimentora.com\/index.php?rest_route=\/wp\/v2\/pages\/14472\/revisions\/14598"}],"wp:attachment":[{"href":"https:\/\/mimentora.com\/index.php?rest_route=%2Fwp%2Fv2%2Fmedia&parent=14472"}],"curies":[{"name":"wp","href":"https:\/\/api.w.org\/{rel}","templated":true}]}}