{"id":14473,"date":"2023-07-18T20:45:57","date_gmt":"2023-07-18T20:45:57","guid":{"rendered":"https:\/\/mimentora.com\/?page_id=14473"},"modified":"2025-01-25T05:51:09","modified_gmt":"2025-01-25T05:51:09","slug":"eventos-3-2-2","status":"publish","type":"page","link":"https:\/\/mimentora.com\/?page_id=14473","title":{"rendered":"Entrenamientos"},"content":{"rendered":"\t\t<div data-elementor-type=\"wp-page\" data-elementor-id=\"14473\" class=\"elementor elementor-14473\">\n\t\t\t\t\t\t<section class=\"elementor-section elementor-top-section elementor-element elementor-element-a912757 elementor-section-stretched elementor-section-boxed elementor-section-height-default elementor-section-height-default\" data-id=\"a912757\" data-element_type=\"section\" data-settings=\"{&quot;stretch_section&quot;:&quot;section-stretched&quot;,&quot;background_background&quot;:&quot;classic&quot;}\">\n\t\t\t\t\t\t<div class=\"elementor-container elementor-column-gap-extended\">\n\t\t\t\t\t<div class=\"elementor-column elementor-col-100 elementor-top-column elementor-element elementor-element-17ee755\" data-id=\"17ee755\" data-element_type=\"column\">\n\t\t\t<div class=\"elementor-widget-wrap elementor-element-populated\">\n\t\t\t\t\t\t<section class=\"elementor-section elementor-inner-section elementor-element elementor-element-de96d20 elementor-section-content-bottom elementor-section-full_width elementor-section-height-default elementor-section-height-default\" data-id=\"de96d20\" data-element_type=\"section\">\n\t\t\t\t\t\t<div class=\"elementor-container elementor-column-gap-default\">\n\t\t\t\t\t<div class=\"elementor-column elementor-col-100 elementor-inner-column elementor-element elementor-element-7d4fa9b\" data-id=\"7d4fa9b\" data-element_type=\"column\">\n\t\t\t<div class=\"elementor-widget-wrap elementor-element-populated\">\n\t\t\t\t\t\t<div class=\"elementor-element elementor-element-3061d52 elementor-widget elementor-widget-rs-heading\" data-id=\"3061d52\" data-element_type=\"widget\" data-widget_type=\"rs-heading.default\">\n\t\t\t\t<div class=\"elementor-widget-container\">\n\t\t\t\t\t        <div class=\"rs-heading default center \">\r\n        \t<div class=\"title-inner\">\r\n        \t\t      \t\t\r\n\t            <span class=\"sub-text \">PROGRAMAS ESPECIALIZADOS<\/span><h2 class=\"title\"><span class=\"watermark\"><\/span> ENTRENAMIENTOS<\/h2>\t        <\/div>\r\n\t                <\/div>\r\n\r\n        \t\t\t\t<\/div>\n\t\t\t\t<\/div>\n\t\t\t\t<div class=\"elementor-element elementor-element-8544617 elementor-widget elementor-widget-text-editor\" data-id=\"8544617\" data-element_type=\"widget\" data-widget_type=\"text-editor.default\">\n\t\t\t\t<div class=\"elementor-widget-container\">\n\t\t\t\t\t\t\t\t\t<p>En <strong>MI MENTORA<\/strong>, entendemos que la comunicaci\u00f3n es el eje central que conecta ideas, culturas y mercados en el mundo actual. Como instituci\u00f3n educativa especializada, nos enorgullece ofrecer una variedad de cursos especializados, talleres din\u00e1micos y programas corporativos dise\u00f1ados para fortalecer y perfeccionar las habilidades de comunicaci\u00f3n de nuestros colaboradores y clientes.<\/p><p>Nuestros programas abarcan un amplio espectro de temas relacionados con las Ciencias de la Comunicaci\u00f3n, desde estrategias de comunicaci\u00f3n, gesti\u00f3n de crisis, hasta producci\u00f3n audiovisual, redacci\u00f3n creativa y relaciones p\u00fablicas. Cada curso est\u00e1 cuidadosamente estructurado para garantizar una experiencia de aprendizaje \u00fanica, pr\u00e1ctica y altamente aplicable al entorno profesional.<\/p>\t\t\t\t\t\t\t\t<\/div>\n\t\t\t\t<\/div>\n\t\t\t\t\t<\/div>\n\t\t<\/div>\n\t\t\t\t\t<\/div>\n\t\t<\/section>\n\t\t\t\t\t<\/div>\n\t\t<\/div>\n\t\t\t\t\t<\/div>\n\t\t<\/section>\n\t\t\t\t<section class=\"elementor-section elementor-top-section elementor-element elementor-element-5d8a0d7 elementor-section-stretched elementor-section-boxed elementor-section-height-default elementor-section-height-default\" data-id=\"5d8a0d7\" data-element_type=\"section\" data-settings=\"{&quot;stretch_section&quot;:&quot;section-stretched&quot;,&quot;background_background&quot;:&quot;classic&quot;}\">\n\t\t\t\t\t\t<div class=\"elementor-container elementor-column-gap-extended\">\n\t\t\t\t\t<div class=\"elementor-column elementor-col-33 elementor-top-column elementor-element elementor-element-c7508b4\" data-id=\"c7508b4\" data-element_type=\"column\" data-settings=\"{&quot;background_background&quot;:&quot;classic&quot;}\">\n\t\t\t<div class=\"elementor-widget-wrap elementor-element-populated\">\n\t\t\t\t\t\t<div class=\"elementor-element elementor-element-374c7b5 elementor-widget elementor-widget-rs-iconbox\" data-id=\"374c7b5\" data-element_type=\"widget\" data-widget_type=\"rs-iconbox.default\">\n\t\t\t\t<div class=\"elementor-widget-container\">\n\t\t\t\t\t\t\r\n\t\t<div class=\"rs-iconbox-area rs-animation-yes\">\r\n\t\t    <div class=\"box-inner\">\r\n\r\n\t\t    \t\r\n\t\t    \t\t\t\t    \t\r\n\t\t\t    \t\t<div class=\"icon-area elementor-animation-push\">\r\n\t\t\t\t    \t\t\r\n\t\t\t\t    \t\t\t\t\t\t    \t\t\t\t\t\t\t    \t\t\t\t<a href=\"#\"><img decoding=\"async\" src=\"http:\/\/finance.reobiztheme.com\/wp-content\/uploads\/2023\/07\/icon_1.png\" alt=\"image\"\/><\/a>\r\n\t\t\t\t    \t\t\t\t\t\t\t    \t\t\t\t\t    \t\t<\/div>\r\n\t\t\t    \t  \r\n\t\t    \t \r\n\r\n\t\t\t    <div class=\"text-area\">\r\n\t\t\t    \t\t\t\t\t    \t<div class=\"iconbox-title\">\r\n\t\t\t\t    \t\t\t\r\n\t\t\t\t    \t\t\t\t\t\t\t    \t\t\t\r\n\t\t\t\t    \t\t<h3 class=\"title\"> \r\n\t\t\t\t    \t\t\t\t\t\t    \t\t\t<a href=\"#\"  >CURSOS ESPECIALIZADOS<\/a>\r\n\t\t\t\t    \t\t\t\t\t\t    \t\t<\/h3>\r\n\r\n\t\t\t\t    \t\t\t\t\t\t    \t\t\r\n\t\t\t\t    \t<\/div>\r\n\r\n\t\t\t    \t\t\r\n\t\t\t    \t\t\r\n\t\t\t    <\/div>\r\n\r\n\t\t\t    \t\t\t            \t    \t    \t    \t\r\n\r\n\r\n\t\t\t    \r\n\t\t\t<\/div>\r\n\t\t<\/div>\t\r\n\t\t\t\t\t<\/div>\n\t\t\t\t<\/div>\n\t\t\t\t\t<\/div>\n\t\t<\/div>\n\t\t\t\t<div class=\"elementor-column elementor-col-33 elementor-top-column elementor-element elementor-element-ee43e03\" data-id=\"ee43e03\" data-element_type=\"column\" data-settings=\"{&quot;background_background&quot;:&quot;classic&quot;}\">\n\t\t\t<div class=\"elementor-widget-wrap elementor-element-populated\">\n\t\t\t\t\t\t<div class=\"elementor-element elementor-element-4047653 elementor-widget elementor-widget-rs-iconbox\" data-id=\"4047653\" data-element_type=\"widget\" data-widget_type=\"rs-iconbox.default\">\n\t\t\t\t<div class=\"elementor-widget-container\">\n\t\t\t\t\t\t\r\n\t\t<div class=\"rs-iconbox-area rs-animation-yes\">\r\n\t\t    <div class=\"box-inner\">\r\n\r\n\t\t    \t\r\n\t\t    \t\t\t\t    \t\r\n\t\t\t    \t\t<div class=\"icon-area elementor-animation-push\">\r\n\t\t\t\t    \t\t\r\n\t\t\t\t    \t\t\t\t\t\t    \t\t\t\t\t\t\t    \t\t\t\t<a href=\"#\"><img decoding=\"async\" src=\"http:\/\/finance.reobiztheme.com\/wp-content\/uploads\/2023\/07\/icon_2.png\" alt=\"image\"\/><\/a>\r\n\t\t\t\t    \t\t\t\t\t\t\t    \t\t\t\t\t    \t\t<\/div>\r\n\t\t\t    \t  \r\n\t\t    \t \r\n\r\n\t\t\t    <div class=\"text-area\">\r\n\t\t\t    \t\t\t\t\t    \t<div class=\"iconbox-title\">\r\n\t\t\t\t    \t\t\t\r\n\t\t\t\t    \t\t\t\t\t\t\t    \t\t\t\r\n\t\t\t\t    \t\t<h3 class=\"title\"> \r\n\t\t\t\t    \t\t\t\t\t\t    \t\t\t<a href=\"#\"  >TALLERES<\/a>\r\n\t\t\t\t    \t\t\t\t\t\t    \t\t<\/h3>\r\n\r\n\t\t\t\t    \t\t\t\t\t\t    \t\t\r\n\t\t\t\t    \t<\/div>\r\n\r\n\t\t\t    \t\t\r\n\t\t\t    \t\t\r\n\t\t\t    <\/div>\r\n\r\n\t\t\t    \t\t\t            \t    \t    \t    \t\r\n\r\n\r\n\t\t\t    \r\n\t\t\t<\/div>\r\n\t\t<\/div>\t\r\n\t\t\t\t\t<\/div>\n\t\t\t\t<\/div>\n\t\t\t\t\t<\/div>\n\t\t<\/div>\n\t\t\t\t<div class=\"elementor-column elementor-col-33 elementor-top-column elementor-element elementor-element-1e0cc36\" data-id=\"1e0cc36\" data-element_type=\"column\" data-settings=\"{&quot;background_background&quot;:&quot;classic&quot;}\">\n\t\t\t<div class=\"elementor-widget-wrap elementor-element-populated\">\n\t\t\t\t\t\t<div class=\"elementor-element elementor-element-026f4eb elementor-widget elementor-widget-rs-iconbox\" data-id=\"026f4eb\" data-element_type=\"widget\" data-widget_type=\"rs-iconbox.default\">\n\t\t\t\t<div class=\"elementor-widget-container\">\n\t\t\t\t\t\t\r\n\t\t<div class=\"rs-iconbox-area rs-animation-yes\">\r\n\t\t    <div class=\"box-inner\">\r\n\r\n\t\t    \t\r\n\t\t    \t\t\t\t    \t\r\n\t\t\t    \t\t<div class=\"icon-area elementor-animation-push\">\r\n\t\t\t\t    \t\t\r\n\t\t\t\t    \t\t\t\t\t\t    \t\t\t\t\t\t\t    \t\t\t\t<a href=\"#\"><img decoding=\"async\" src=\"http:\/\/finance.reobiztheme.com\/wp-content\/uploads\/2023\/07\/icon_3.png\" alt=\"image\"\/><\/a>\r\n\t\t\t\t    \t\t\t\t\t\t\t    \t\t\t\t\t    \t\t<\/div>\r\n\t\t\t    \t  \r\n\t\t    \t \r\n\r\n\t\t\t    <div class=\"text-area\">\r\n\t\t\t    \t\t\t\t\t    \t<div class=\"iconbox-title\">\r\n\t\t\t\t    \t\t\t\r\n\t\t\t\t    \t\t\t\t\t\t\t    \t\t\t\r\n\t\t\t\t    \t\t<h3 class=\"title\"> \r\n\t\t\t\t    \t\t\t\t\t\t    \t\t\t<a href=\"#\"  >Programas corporativos<\/a>\r\n\t\t\t\t    \t\t\t\t\t\t    \t\t<\/h3>\r\n\r\n\t\t\t\t    \t\t\t\t\t\t    \t\t\r\n\t\t\t\t    \t<\/div>\r\n\r\n\t\t\t    \t\t\r\n\t\t\t    \t\t\r\n\t\t\t    <\/div>\r\n\r\n\t\t\t    \t\t\t            \t    \t    \t    \t\r\n\r\n\r\n\t\t\t    \r\n\t\t\t<\/div>\r\n\t\t<\/div>\t\r\n\t\t\t\t\t<\/div>\n\t\t\t\t<\/div>\n\t\t\t\t\t<\/div>\n\t\t<\/div>\n\t\t\t\t\t<\/div>\n\t\t<\/section>\n\t\t\t\t<section class=\"elementor-section elementor-top-section elementor-element elementor-element-198b13b elementor-section-content-top elementor-section-boxed elementor-section-height-default elementor-section-height-default\" data-id=\"198b13b\" data-element_type=\"section\" data-settings=\"{&quot;background_background&quot;:&quot;classic&quot;}\">\n\t\t\t\t\t\t<div class=\"elementor-container elementor-column-gap-default\">\n\t\t\t\t\t<div class=\"elementor-column elementor-col-50 elementor-top-column elementor-element elementor-element-528944c\" data-id=\"528944c\" data-element_type=\"column\" data-settings=\"{&quot;background_background&quot;:&quot;classic&quot;}\">\n\t\t\t<div class=\"elementor-widget-wrap\">\n\t\t\t\t\t\t\t<\/div>\n\t\t<\/div>\n\t\t\t\t<div class=\"elementor-column elementor-col-50 elementor-top-column elementor-element elementor-element-345a6cf\" data-id=\"345a6cf\" data-element_type=\"column\" data-settings=\"{&quot;background_background&quot;:&quot;classic&quot;}\">\n\t\t\t<div class=\"elementor-widget-wrap elementor-element-populated\">\n\t\t\t\t\t<div class=\"elementor-background-overlay\"><\/div>\n\t\t\t\t\t\t<section class=\"elementor-section elementor-inner-section elementor-element elementor-element-a673e78 elementor-section-boxed elementor-section-height-default elementor-section-height-default\" data-id=\"a673e78\" data-element_type=\"section\">\n\t\t\t\t\t\t<div class=\"elementor-container elementor-column-gap-default\">\n\t\t\t\t\t<div class=\"elementor-column elementor-col-100 elementor-inner-column elementor-element elementor-element-f9c5ccd\" data-id=\"f9c5ccd\" data-element_type=\"column\">\n\t\t\t<div class=\"elementor-widget-wrap elementor-element-populated\">\n\t\t\t\t\t\t<div class=\"elementor-element elementor-element-9738e39 elementor-widget elementor-widget-rs-heading\" data-id=\"9738e39\" data-element_type=\"widget\" data-widget_type=\"rs-heading.default\">\n\t\t\t\t<div class=\"elementor-widget-container\">\n\t\t\t\t\t        <div class=\"rs-heading default  \">\r\n        \t<div class=\"title-inner\">\r\n        \t\t      \t\t\r\n\t            <span class=\"sub-text \">CONVERSE CON NOSOTROS<\/span><h2 class=\"title\"><span class=\"watermark\"><\/span>INSCR\u00cdBETE<\/h2>\t        <\/div>\r\n\t                <\/div>\r\n\r\n        \t\t\t\t<\/div>\n\t\t\t\t<\/div>\n\t\t\t\t<div class=\"elementor-element elementor-element-32022ab elementor-widget elementor-widget-rs-cf7\" data-id=\"32022ab\" data-element_type=\"widget\" data-widget_type=\"rs-cf7.default\">\n\t\t\t\t<div class=\"elementor-widget-container\">\n\t\t\t\t\t\n<div class=\"wpcf7 no-js\" id=\"wpcf7-f2078-o1\" lang=\"en-US\" dir=\"ltr\" data-wpcf7-id=\"2078\">\n<div class=\"screen-reader-response\"><p role=\"status\" aria-live=\"polite\" aria-atomic=\"true\"><\/p> <ul><\/ul><\/div>\n<form action=\"\/index.php?rest_route=%2Fwp%2Fv2%2Fpages%2F14473#wpcf7-f2078-o1\" method=\"post\" class=\"wpcf7-form init\" aria-label=\"Contact form\" novalidate=\"novalidate\" data-status=\"init\">\n<div style=\"display: none;\">\n<input type=\"hidden\" name=\"_wpcf7\" value=\"2078\" \/>\n<input type=\"hidden\" name=\"_wpcf7_version\" value=\"6.0.6\" \/>\n<input type=\"hidden\" name=\"_wpcf7_locale\" value=\"en_US\" \/>\n<input type=\"hidden\" name=\"_wpcf7_unit_tag\" value=\"wpcf7-f2078-o1\" \/>\n<input type=\"hidden\" name=\"_wpcf7_container_post\" value=\"0\" \/>\n<input type=\"hidden\" name=\"_wpcf7_posted_data_hash\" value=\"\" \/>\n<\/div>\n<div class=\"row\">\n\t<div class=\"col-sm-6\">\n\t\t<p><span class=\"wpcf7-form-control-wrap\" data-name=\"your-name\"><input size=\"40\" maxlength=\"400\" class=\"wpcf7-form-control wpcf7-text wpcf7-validates-as-required\" aria-required=\"true\" aria-invalid=\"false\" placeholder=\"Nombre\" value=\"\" type=\"text\" name=\"your-name\" \/><\/span>\n\t\t<\/p>\n\t<\/div>\n\t<div class=\"col-sm-6\">\n\t\t<p><span class=\"wpcf7-form-control-wrap\" data-name=\"your-email\"><input size=\"40\" maxlength=\"400\" class=\"wpcf7-form-control wpcf7-email wpcf7-validates-as-required wpcf7-text wpcf7-validates-as-email\" aria-required=\"true\" aria-invalid=\"false\" placeholder=\"E-Mail\" value=\"\" type=\"email\" name=\"your-email\" \/><\/span>\n\t\t<\/p>\n\t<\/div>\n\t<div class=\"col-sm-6\">\n\t\t<p><span class=\"wpcf7-form-control-wrap\" data-name=\"your-phone\"><input size=\"40\" maxlength=\"400\" class=\"wpcf7-form-control wpcf7-text wpcf7-validates-as-required\" aria-required=\"true\" aria-invalid=\"false\" placeholder=\"Tel\u00e9fono\" value=\"\" type=\"text\" name=\"your-phone\" \/><\/span>\n\t\t<\/p>\n\t<\/div>\n\t<div class=\"col-sm-6\">\n\t\t<p><span class=\"wpcf7-form-control-wrap\" data-name=\"interes\"><span class=\"wpcf7-form-control wpcf7-checkbox\"><span class=\"wpcf7-list-item first\"><label><input type=\"checkbox\" name=\"interes[]\" value=\"Voluntariado\" \/><span class=\"wpcf7-list-item-label\">Voluntariado<\/span><\/label><\/span><span class=\"wpcf7-list-item\"><label><input type=\"checkbox\" name=\"interes[]\" value=\"Aliado Estrat\u00e9gico\" \/><span class=\"wpcf7-list-item-label\">Aliado Estrat\u00e9gico<\/span><\/label><\/span><span class=\"wpcf7-list-item last\"><label><input type=\"checkbox\" name=\"interes[]\" value=\"Otros\" \/><span class=\"wpcf7-list-item-label\">Otros<\/span><\/label><\/span><\/span><\/span>\n\t\t<\/p>\n\t<\/div>\n\t<div class=\"col-sm-12\">\n\t\t<p><span class=\"wpcf7-form-control-wrap\" data-name=\"your-asunto\"><input size=\"40\" maxlength=\"400\" class=\"wpcf7-form-control wpcf7-text\" aria-invalid=\"false\" placeholder=\"Asunto\" value=\"\" type=\"text\" name=\"your-asunto\" \/><\/span>\n\t\t<\/p>\n\t<\/div>\n\t<div class=\"col-sm-12\">\n\t\t<p><span class=\"wpcf7-form-control-wrap\" data-name=\"your-message\"><textarea cols=\"40\" rows=\"10\" maxlength=\"2000\" class=\"wpcf7-form-control wpcf7-textarea\" aria-invalid=\"false\" placeholder=\"Escriba su mensaje aqu\u00ed\" name=\"your-message\"><\/textarea><\/span>\n\t\t<\/p>\n\t<\/div>\n\t<div class=\"form-button col-sm-12\">\n\t\t<p class=\"submit-btn\"><input class=\"wpcf7-form-control wpcf7-submit has-spinner\" type=\"submit\" value=\"Enviar Mensaje\" \/>\n\t\t<\/p>\n\t<\/div>\n<\/div><div class=\"wpcf7-response-output\" aria-hidden=\"true\"><\/div>\n<\/form>\n<\/div>\n\t\t\t\t<\/div>\n\t\t\t\t<\/div>\n\t\t\t\t\t<\/div>\n\t\t<\/div>\n\t\t\t\t\t<\/div>\n\t\t<\/section>\n\t\t\t\t\t<\/div>\n\t\t<\/div>\n\t\t\t\t\t<\/div>\n\t\t<\/section>\n\t\t\t\t<\/div>\n\t\t","protected":false},"excerpt":{"rendered":"<p>PROGRAMAS ESPECIALIZADOS ENTRENAMIENTOS En MI MENTORA, entendemos que la comunicaci\u00f3n es el eje central que conecta ideas, culturas y mercados en el mundo actual. Como instituci\u00f3n educativa especializada, nos enorgullece ofrecer una variedad de cursos especializados, talleres din\u00e1micos y programas corporativos dise\u00f1ados para fortalecer y perfeccionar las habilidades de comunicaci\u00f3n de nuestros colaboradores y clientes&#8230;.<\/p>\n","protected":false},"author":1,"featured_media":0,"parent":0,"menu_order":0,"comment_status":"closed","ping_status":"closed","template":"","meta":{"footnotes":""},"class_list":["post-14473","page","type-page","status-publish","hentry"],"aioseo_notices":[],"_links":{"self":[{"href":"https:\/\/mimentora.com\/index.php?rest_route=\/wp\/v2\/pages\/14473","targetHints":{"allow":["GET"]}}],"collection":[{"href":"https:\/\/mimentora.com\/index.php?rest_route=\/wp\/v2\/pages"}],"about":[{"href":"https:\/\/mimentora.com\/index.php?rest_route=\/wp\/v2\/types\/page"}],"author":[{"embeddable":true,"href":"https:\/\/mimentora.com\/index.php?rest_route=\/wp\/v2\/users\/1"}],"replies":[{"embeddable":true,"href":"https:\/\/mimentora.com\/index.php?rest_route=%2Fwp%2Fv2%2Fcomments&post=14473"}],"version-history":[{"count":6,"href":"https:\/\/mimentora.com\/index.php?rest_route=\/wp\/v2\/pages\/14473\/revisions"}],"predecessor-version":[{"id":14551,"href":"https:\/\/mimentora.com\/index.php?rest_route=\/wp\/v2\/pages\/14473\/revisions\/14551"}],"wp:attachment":[{"href":"https:\/\/mimentora.com\/index.php?rest_route=%2Fwp%2Fv2%2Fmedia&parent=14473"}],"curies":[{"name":"wp","href":"https:\/\/api.w.org\/{rel}","templated":true}]}}